{"id":368,"date":"2019-10-22T15:18:46","date_gmt":"2019-10-22T13:18:46","guid":{"rendered":"https:\/\/shop.wellcamp.at\/?product=gutschein-zum-verschenken"},"modified":"2025-09-10T08:53:50","modified_gmt":"2025-09-10T06:53:50","slug":"gutschein-zum-verschenken","status":"publish","type":"product","link":"https:\/\/shop.wellcamp.at\/?product=gutschein-zum-verschenken","title":{"rendered":"WellCAMP Gutschein Wellness und Camping"},"content":{"rendered":"<p><strong>Der Gutschein f\u00fcr die passende Gelegenheit!<\/strong><\/p>\n<p><strong>WELLCAMP &#8211; Dein Camping und Wellness Partner!<\/strong><\/p>\n<p>&nbsp;<\/p>\n<p><strong>Jetzt\u00a0 mobilen Hot Tub und Saunaanh\u00e4nger Mieten und Kaufen.<\/strong><\/p>\n<p><strong>Oder Camping Wohnmobil, Wohnwagen, Dachzeltanh\u00e4nger und Dachzelt Mieten.<\/strong><\/p>\n<p><strong>Camping Zubeh\u00f6r, Dachzelte, Vorzelte und aufblasbare Zelte Kaufen!<\/strong><\/p>\n<p>Der Gutschein wird per Email zugesendet, und ist somit prompt verwendbar.<\/p>\n<p>Durch die ausw\u00e4hlbare Anzahl der Gutscheine ist die Wert-H\u00f6he w\u00e4hlbar.<\/p>\n<p><strong>Wir bedanken uns als ein regionales Familienunternehmen, und versprechen Euch ein au\u00dfergew\u00f6hnliches Erlebnis!<\/strong><\/p>\n<p>Die Bezahlung des Gutscheines ist leider nur mit \u00dcberweisung m\u00f6glich. Der Zahlungsdienstleister Klarna verweigert leider die Zahlungs-Abwicklung, da die Gutscheine bei uns auch f\u00fcr die Vermietung angewendet werden k\u00f6nnen. Wir bitten die Umst\u00e4nde zu entschuldigen, und arbeiten bereits an einer L\u00f6sung!<\/p>\n","protected":false},"excerpt":{"rendered":"<p>Die ideale Gutschein Idee f\u00fcr die passende Gelegenheit!<\/p>\n","protected":false},"featured_media":3980,"template":"","meta":[],"product_brand":[],"product_cat":[93,67],"product_tag":[],"class_list":{"0":"post-368","1":"product","2":"type-product","3":"status-publish","4":"has-post-thumbnail","6":"product_cat-sieger-preis-leistung","7":"product_cat-gutschein","8":"tm-no-options","10":"first","11":"instock","12":"featured","13":"purchasable","14":"product-type-pw-gift-card"},"yoast_head":"<!-- This site is optimized with the Yoast SEO plugin v26.6 - https:\/\/yoast.com\/wordpress\/plugins\/seo\/ -->\n<title>WellCAMP Gutschein Wellness und Camping - WellCAMP Shop -Gutschein verschenken!<\/title>\n<meta name=\"description\" content=\"Die passende Geschenk-Idee f\u00fcr das Campingerlebnis von WellCAMP - Dein Camping Partner in Verkauf und Vermietung! Jetzt Kaufen und passend verschenken!\" \/>\n<meta name=\"robots\" content=\"index, follow, max-snippet:-1, max-image-preview:large, max-video-preview:-1\" \/>\n<link rel=\"canonical\" href=\"https:\/\/shop.wellcamp.at\/?product=gutschein-zum-verschenken\" \/>\n<meta property=\"og:locale\" content=\"de_DE\" \/>\n<meta property=\"og:type\" content=\"article\" \/>\n<meta property=\"og:title\" content=\"WellCAMP Gutschein Wellness und Camping - WellCAMP Shop -Gutschein verschenken!\" \/>\n<meta property=\"og:description\" content=\"Die passende Geschenk-Idee f\u00fcr das Campingerlebnis von WellCAMP - Dein Camping Partner in Verkauf und Vermietung! Jetzt Kaufen und passend verschenken!\" \/>\n<meta property=\"og:url\" content=\"https:\/\/shop.wellcamp.at\/?product=gutschein-zum-verschenken\" \/>\n<meta property=\"og:site_name\" content=\"WellCAMP Shop\" \/>\n<meta property=\"article:modified_time\" content=\"2025-09-10T06:53:50+00:00\" \/>\n<meta name=\"twitter:card\" content=\"summary_large_image\" \/>\n<meta name=\"twitter:label1\" content=\"Gesch\u00e4tzte Lesezeit\" \/>\n\t<meta name=\"twitter:data1\" content=\"1\u00a0Minute\" \/>\n<script type=\"application\/ld+json\" class=\"yoast-schema-graph\">{\"@context\":\"https:\/\/schema.org\",\"@graph\":[{\"@type\":\"WebPage\",\"@id\":\"https:\/\/shop.wellcamp.at\/?product=gutschein-zum-verschenken\",\"url\":\"https:\/\/shop.wellcamp.at\/?product=gutschein-zum-verschenken\",\"name\":\"WellCAMP Gutschein Wellness und Camping - WellCAMP Shop -Gutschein verschenken!\",\"isPartOf\":{\"@id\":\"https:\/\/shop.wellcamp.at\/#website\"},\"primaryImageOfPage\":{\"@id\":\"https:\/\/shop.wellcamp.at\/?product=gutschein-zum-verschenken#primaryimage\"},\"image\":{\"@id\":\"https:\/\/shop.wellcamp.at\/?product=gutschein-zum-verschenken#primaryimage\"},\"thumbnailUrl\":\"https:\/\/shop.wellcamp.at\/wp-content\/uploads\/2019\/10\/SVG-Logo.svg\",\"datePublished\":\"2019-10-22T13:18:46+00:00\",\"dateModified\":\"2025-09-10T06:53:50+00:00\",\"description\":\"Die passende Geschenk-Idee f\u00fcr das Campingerlebnis von WellCAMP - Dein Camping Partner in Verkauf und Vermietung! Jetzt Kaufen und passend verschenken!\",\"breadcrumb\":{\"@id\":\"https:\/\/shop.wellcamp.at\/?product=gutschein-zum-verschenken#breadcrumb\"},\"inLanguage\":\"de\",\"potentialAction\":[{\"@type\":\"ReadAction\",\"target\":[\"https:\/\/shop.wellcamp.at\/?product=gutschein-zum-verschenken\"]}]},{\"@type\":\"ImageObject\",\"inLanguage\":\"de\",\"@id\":\"https:\/\/shop.wellcamp.at\/?product=gutschein-zum-verschenken#primaryimage\",\"url\":\"https:\/\/shop.wellcamp.at\/wp-content\/uploads\/2019\/10\/SVG-Logo.svg\",\"contentUrl\":\"https:\/\/shop.wellcamp.at\/wp-content\/uploads\/2019\/10\/SVG-Logo.svg\"},{\"@type\":\"BreadcrumbList\",\"@id\":\"https:\/\/shop.wellcamp.at\/?product=gutschein-zum-verschenken#breadcrumb\",\"itemListElement\":[{\"@type\":\"ListItem\",\"position\":1,\"name\":\"Home\",\"item\":\"https:\/\/shop.wellcamp.at\/\"},{\"@type\":\"ListItem\",\"position\":2,\"name\":\"Shop\",\"item\":\"https:\/\/shop.wellcamp.at\/?page_id=101\"},{\"@type\":\"ListItem\",\"position\":3,\"name\":\"WellCAMP Gutschein Wellness und Camping\"}]},{\"@type\":\"WebSite\",\"@id\":\"https:\/\/shop.wellcamp.at\/#website\",\"url\":\"https:\/\/shop.wellcamp.at\/\",\"name\":\"WellCAMP Shop\",\"description\":\"Dein Camping und Wellness Partner!\",\"publisher\":{\"@id\":\"https:\/\/shop.wellcamp.at\/#organization\"},\"potentialAction\":[{\"@type\":\"SearchAction\",\"target\":{\"@type\":\"EntryPoint\",\"urlTemplate\":\"https:\/\/shop.wellcamp.at\/?s={search_term_string}\"},\"query-input\":{\"@type\":\"PropertyValueSpecification\",\"valueRequired\":true,\"valueName\":\"search_term_string\"}}],\"inLanguage\":\"de\"},{\"@type\":\"Organization\",\"@id\":\"https:\/\/shop.wellcamp.at\/#organization\",\"name\":\"WellCAMP Shop\",\"url\":\"https:\/\/shop.wellcamp.at\/\",\"logo\":{\"@type\":\"ImageObject\",\"inLanguage\":\"de\",\"@id\":\"https:\/\/shop.wellcamp.at\/#\/schema\/logo\/image\/\",\"url\":\"https:\/\/shop.wellcamp.at\/wp-content\/uploads\/2020\/03\/cropped-Logo-Final_Zeichenfla\u0308che-1-Kopie-2-1.png\",\"contentUrl\":\"https:\/\/shop.wellcamp.at\/wp-content\/uploads\/2020\/03\/cropped-Logo-Final_Zeichenfla\u0308che-1-Kopie-2-1.png\",\"width\":1774,\"height\":1763,\"caption\":\"WellCAMP Shop\"},\"image\":{\"@id\":\"https:\/\/shop.wellcamp.at\/#\/schema\/logo\/image\/\"}}]}<\/script>\n<!-- \/ Yoast SEO plugin. -->","yoast_head_json":{"title":"WellCAMP Gutschein Wellness und Camping - WellCAMP Shop -Gutschein verschenken!","description":"Die passende Geschenk-Idee f\u00fcr das Campingerlebnis von WellCAMP - Dein Camping Partner in Verkauf und Vermietung! Jetzt Kaufen und passend verschenken!","robots":{"index":"index","follow":"follow","max-snippet":"max-snippet:-1","max-image-preview":"max-image-preview:large","max-video-preview":"max-video-preview:-1"},"canonical":"https:\/\/shop.wellcamp.at\/?product=gutschein-zum-verschenken","og_locale":"de_DE","og_type":"article","og_title":"WellCAMP Gutschein Wellness und Camping - WellCAMP Shop -Gutschein verschenken!","og_description":"Die passende Geschenk-Idee f\u00fcr das Campingerlebnis von WellCAMP - Dein Camping Partner in Verkauf und Vermietung! Jetzt Kaufen und passend verschenken!","og_url":"https:\/\/shop.wellcamp.at\/?product=gutschein-zum-verschenken","og_site_name":"WellCAMP Shop","article_modified_time":"2025-09-10T06:53:50+00:00","twitter_card":"summary_large_image","twitter_misc":{"Gesch\u00e4tzte Lesezeit":"1\u00a0Minute"},"schema":{"@context":"https:\/\/schema.org","@graph":[{"@type":"WebPage","@id":"https:\/\/shop.wellcamp.at\/?product=gutschein-zum-verschenken","url":"https:\/\/shop.wellcamp.at\/?product=gutschein-zum-verschenken","name":"WellCAMP Gutschein Wellness und Camping - WellCAMP Shop -Gutschein verschenken!","isPartOf":{"@id":"https:\/\/shop.wellcamp.at\/#website"},"primaryImageOfPage":{"@id":"https:\/\/shop.wellcamp.at\/?product=gutschein-zum-verschenken#primaryimage"},"image":{"@id":"https:\/\/shop.wellcamp.at\/?product=gutschein-zum-verschenken#primaryimage"},"thumbnailUrl":"https:\/\/shop.wellcamp.at\/wp-content\/uploads\/2019\/10\/SVG-Logo.svg","datePublished":"2019-10-22T13:18:46+00:00","dateModified":"2025-09-10T06:53:50+00:00","description":"Die passende Geschenk-Idee f\u00fcr das Campingerlebnis von WellCAMP - Dein Camping Partner in Verkauf und Vermietung! Jetzt Kaufen und passend verschenken!","breadcrumb":{"@id":"https:\/\/shop.wellcamp.at\/?product=gutschein-zum-verschenken#breadcrumb"},"inLanguage":"de","potentialAction":[{"@type":"ReadAction","target":["https:\/\/shop.wellcamp.at\/?product=gutschein-zum-verschenken"]}]},{"@type":"ImageObject","inLanguage":"de","@id":"https:\/\/shop.wellcamp.at\/?product=gutschein-zum-verschenken#primaryimage","url":"https:\/\/shop.wellcamp.at\/wp-content\/uploads\/2019\/10\/SVG-Logo.svg","contentUrl":"https:\/\/shop.wellcamp.at\/wp-content\/uploads\/2019\/10\/SVG-Logo.svg"},{"@type":"BreadcrumbList","@id":"https:\/\/shop.wellcamp.at\/?product=gutschein-zum-verschenken#breadcrumb","itemListElement":[{"@type":"ListItem","position":1,"name":"Home","item":"https:\/\/shop.wellcamp.at\/"},{"@type":"ListItem","position":2,"name":"Shop","item":"https:\/\/shop.wellcamp.at\/?page_id=101"},{"@type":"ListItem","position":3,"name":"WellCAMP Gutschein Wellness und Camping"}]},{"@type":"WebSite","@id":"https:\/\/shop.wellcamp.at\/#website","url":"https:\/\/shop.wellcamp.at\/","name":"WellCAMP Shop","description":"Dein Camping und Wellness Partner!","publisher":{"@id":"https:\/\/shop.wellcamp.at\/#organization"},"potentialAction":[{"@type":"SearchAction","target":{"@type":"EntryPoint","urlTemplate":"https:\/\/shop.wellcamp.at\/?s={search_term_string}"},"query-input":{"@type":"PropertyValueSpecification","valueRequired":true,"valueName":"search_term_string"}}],"inLanguage":"de"},{"@type":"Organization","@id":"https:\/\/shop.wellcamp.at\/#organization","name":"WellCAMP Shop","url":"https:\/\/shop.wellcamp.at\/","logo":{"@type":"ImageObject","inLanguage":"de","@id":"https:\/\/shop.wellcamp.at\/#\/schema\/logo\/image\/","url":"https:\/\/shop.wellcamp.at\/wp-content\/uploads\/2020\/03\/cropped-Logo-Final_Zeichenfla\u0308che-1-Kopie-2-1.png","contentUrl":"https:\/\/shop.wellcamp.at\/wp-content\/uploads\/2020\/03\/cropped-Logo-Final_Zeichenfla\u0308che-1-Kopie-2-1.png","width":1774,"height":1763,"caption":"WellCAMP Shop"},"image":{"@id":"https:\/\/shop.wellcamp.at\/#\/schema\/logo\/image\/"}}]}},"jetpack_sharing_enabled":true,"_links":{"self":[{"href":"https:\/\/shop.wellcamp.at\/index.php?rest_route=\/wp\/v2\/product\/368","targetHints":{"allow":["GET"]}}],"collection":[{"href":"https:\/\/shop.wellcamp.at\/index.php?rest_route=\/wp\/v2\/product"}],"about":[{"href":"https:\/\/shop.wellcamp.at\/index.php?rest_route=\/wp\/v2\/types\/product"}],"wp:featuredmedia":[{"embeddable":true,"href":"https:\/\/shop.wellcamp.at\/index.php?rest_route=\/wp\/v2\/media\/3980"}],"wp:attachment":[{"href":"https:\/\/shop.wellcamp.at\/index.php?rest_route=%2Fwp%2Fv2%2Fmedia&parent=368"}],"wp:term":[{"taxonomy":"product_brand","embeddable":true,"href":"https:\/\/shop.wellcamp.at\/index.php?rest_route=%2Fwp%2Fv2%2Fproduct_brand&post=368"},{"taxonomy":"product_cat","embeddable":true,"href":"https:\/\/shop.wellcamp.at\/index.php?rest_route=%2Fwp%2Fv2%2Fproduct_cat&post=368"},{"taxonomy":"product_tag","embeddable":true,"href":"https:\/\/shop.wellcamp.at\/index.php?rest_route=%2Fwp%2Fv2%2Fproduct_tag&post=368"}],"curies":[{"name":"wp","href":"https:\/\/api.w.org\/{rel}","templated":true}]}}